{"id":61,"date":"2020-09-22T18:04:52","date_gmt":"2020-09-22T16:04:52","guid":{"rendered":"https:\/\/eurocomp.info\/wordpress\/?page_id=61"},"modified":"2025-09-22T19:05:45","modified_gmt":"2025-09-22T17:05:45","slug":"impressum","status":"publish","type":"page","link":"https:\/\/eurocomp.info\/de\/impressum\/","title":{"rendered":"Imprint"},"content":{"rendered":"\n<div class=\"wp-block-group\"><div class=\"wp-block-group__inner-container is-layout-flow wp-block-group-is-layout-flow\">\n<h3 class=\"wp-block-heading\">Verantwortlich f\u00fcr diese Website<\/h3>\n<\/div><\/div>\n\n\n\n<blockquote class=\"wp-block-quote is-layout-flow wp-block-quote-is-layout-flow\">\n<p>Thomas Osthege<br>Sonnenkoppel 72<br>D-23701 Eutin<br>Deutschland<br>Fon: +49.(0)2292.9599730<br>Fax: +49.(0)2292.9599733<br>Email:&nbsp;<a href=\"https:\/\/eurocomp.info\/de\/contact\/\">Bitte kontaktieren Sie mich \u00fcber die Kontaktseite!<\/a><br>Umsatzsteuer-ID: DE 135051894<\/p>\n<\/blockquote>\n\n\n\n<h3 class=\"wp-block-heading\">Wichtiger Hinweis<\/h3>\n\n\n\n<blockquote class=\"wp-block-quote is-layout-flow wp-block-quote-is-layout-flow\">\n<p><span style=\"font-size: revert; color: initial;\">Teile dieser Website existieren nur noch aus historischen Gr\u00fcnden, weil es in diesen Teilen keine Gesch\u00e4ftst\u00e4tigkeit mehr gibt. Diese Teile sind im Men\u00fc als \u201ehistorisch\u201d gekennzeichnet.<\/span><\/p>\n<cite>Bei Fragen oder Problemen k\u00f6nnen Sie mich gerne ansprechen. Nutzen Sie dazu bitte die <a href=\"https:\/\/eurocomp.info\/de\/contact\/\">Kontaktseite<\/a>!<\/cite><\/blockquote>\n\n\n\n<h3 class=\"wp-block-heading\">Redaktion und Gestaltung<\/h3>\n\n\n\n<p>Thomas Osthege<\/p>\n\n\n\n<p>Als Entwicklungswerkzeug wurde <strong>WordPress<\/strong> verwendet.<\/p>\n\n\n\n<p>Ich empfehle zur Darstellung einen <strong>Browser<\/strong> zu verwenden. Denn wenn Sie keinen Browser verwenden, lesen Sie gerade puren HTML-Code und das f\u00e4nde ich schon bewundernswert cool.<\/p>\n\n\n\n<p>Ich&nbsp;hafte weder f\u00fcr den Inhalt noch f\u00fcr die redaktionelle Richtigkeit.<\/p>\n\n\n\n<p>Copyright \u00a9 \u00b7 Alle Rechte vorbehalten \u00b7&nbsp;<img loading=\"lazy\" decoding=\"async\" width=\"108\" height=\"13\" src=\"https:\/\/history.eurocomp.info\/images\/EC08.gif\" alt=\"EUROCOMP\">&nbsp;\u00b7 Thomas Osthege<\/p>\n\n\n\n<p>Die \u00dcbernahme von Texten oder Teilen dieser Website ist nur mit meiner ausdr\u00fccklicher Genehmigung&nbsp;gestattet.<\/p>\n\n\n\n<p>Unter Angabe der Quelle d\u00fcrfen in anderen Sites Querverweise auf diese Site verwendet werden.<\/p>\n\n\n\n<p>Die Benutzung dieser Website unterliegt ausschlie\u00dflich deutschem Recht.<\/p>\n\n\n\n<p>Ich&nbsp;behalte mir das Recht vor, jederzeit und ohne vorherige Ank\u00fcndigung \u00c4nderungen an der Website vorzunehmen. Dies beinhaltet auch das Entfernen oder Verschieben von Seiten bzw. deren Inhalte.<\/p>\n\n\n\n<h3 class=\"wp-block-heading\">Markennamen<\/h3>\n\n\n\n<p>Alle auf dieser Website erw\u00e4hnten Markennamen sind Eigentum der jeweiligen Rechteinhaber und werden nur zur Information erw\u00e4hnt. Eine Erw\u00e4hnung bedeutet keine Verwendung oder Inanspruchnahme der jeweiligen Marke.<\/p>\n\n\n\n<p>Keines meiner Produkte&nbsp;steht in irgendeinem Verh\u00e4ltnis oder Besitzrecht zu einer der erw\u00e4hnten Firmen.<\/p>\n\n\n\n<p>Im Falle von Domainstreitigkeiten oder wettbewerbsrechtlichen oder \u00e4hnlichen Problemen bitte ich Sie dringend mich&nbsp;<strong>sofort<\/strong>&nbsp;und&nbsp;<strong>direkt<\/strong>&nbsp;zu kontaktieren, um unn\u00f6tigen Rechtsstreit und Kosten zu vermeiden.<\/p>\n\n\n\n<blockquote class=\"wp-block-quote is-layout-flow wp-block-quote-is-layout-flow\">\n<p><strong style=\"font-size: revert; color: initial;\">Die Kostennote einer anwaltlichen Abmahnung ohne vorhergehende Kontaktaufnahme mit mir werde ich in jedem Fall im Sinne der Schadensminderungspflicht als unbegr\u00fcndet zur\u00fcckweisen.<\/strong><\/p>\n<\/blockquote>\n\n\n\n<h3 class=\"wp-block-heading\">Verweise (Links)<\/h3>\n\n\n\n<p>Diese Website enth\u00e4lt Verweise zu anderen Seiten im Internet, f\u00fcr die ausnahmslos gilt: Ich habe keinen Einfluss auf die Gestaltung und den Inhalt der angegebenen Seiten.<\/p>\n\n\n\n<p>Sollten Ihnen irgendwelche Rechtsverst\u00f6\u00dfe auf dieser oder einer verwiesenen Website bekannt werden, informieren Sie mich bitte. Ich werde sofort entsprechende \u00c4nderungen vornehmen.<\/p>\n\n\n\n<blockquote class=\"wp-block-quote is-layout-flow wp-block-quote-is-layout-flow\">\n<p><strong style=\"font-size: revert; color: initial;\">Die Kostennote einer anwaltlichen Abmahnung ohne vorhergehende Kontaktaufnahme mit mir werde ich in jedem Fall im Sinne der Schadensminderungspflicht als unbegr\u00fcndet zur\u00fcckweisen.<\/strong><\/p>\n<\/blockquote>\n\n\n\n<h3 class=\"wp-block-heading\">Datenschutz<\/h3>\n\n\n\n<p>Ich speichere pers\u00f6nliche Daten nur soweit diese mir von Kunden zur Erledigung von Auftr\u00e4gen bzw. Bestellungen zur Verf\u00fcgung gestellt werden. Ich werde diese Daten nur im Einklang mit den datenschutzrechtlichen Bestimmungen nutzen. Ich gebe solche Daten niemals an Dritte weiter. Dies gilt auch und insbesondere f\u00fcr Emailadressen.<\/p>\n\n\n\n<p>Diese Website kann Cookies verwenden, um wiederkehrende Benutzer zu identifizieren und bei Bedarf besondere Informationen anzuzeigen. Diese Cookies werden nur auf dem Computer des Besuchers gespeichert. Sie speichern keine pers\u00f6nlichen Daten.<\/p>\n\n\n\n<p>Einige meiner Programme k\u00f6nnen eine automatische Updatefunktion verwenden, bei der Programm- und Betriebssystem-bezogene Daten \u00fcbermittelt werden k\u00f6nnen. Darin sind keine pers\u00f6nliche Daten enthalten.<\/p>\n\n\n\n<p>In F\u00e4llen unberechtigter Verwendung meiner Software behalte ich mir eine Recherche zur Ermittlung des Verwenders sowie weiter gehende rechtliche Schritte vor.<\/p>\n\n\n\n<p><\/p>\n","protected":false},"excerpt":{"rendered":"<p>Verantwortlich f\u00fcr diese Website Thomas OsthegeSonnenkoppel 72D-23701 EutinDeutschlandFon: +49.(0)2292.9599730Fax: +49.(0)2292.9599733Email:&nbsp;Bitte kontaktieren Sie mich \u00fcber die Kontaktseite!Umsatzsteuer-ID: DE 135051894 Wichtiger Hinweis Teile dieser Website existieren nur noch aus historischen Gr\u00fcnden, weil es in diesen Teilen keine Gesch\u00e4ftst\u00e4tigkeit mehr gibt. Diese Teile sind im Men\u00fc als \u201ehistorisch\u201d gekennzeichnet. Bei Fragen oder Problemen k\u00f6nnen Sie mich gerne ansprechen. [&hellip;]<\/p>\n","protected":false},"author":1,"featured_media":0,"parent":0,"menu_order":0,"comment_status":"closed","ping_status":"closed","template":"","meta":{"footnotes":""},"class_list":["post-61","page","type-page","status-publish","hentry"],"translation":{"provider":"WPGlobus","version":"3.0.0","language":"de","enabled_languages":["en","de"],"languages":{"en":{"title":true,"content":true,"excerpt":false},"de":{"title":false,"content":true,"excerpt":false}}},"_links":{"self":[{"href":"https:\/\/eurocomp.info\/de\/wp-json\/wp\/v2\/pages\/61","targetHints":{"allow":["GET"]}}],"collection":[{"href":"https:\/\/eurocomp.info\/de\/wp-json\/wp\/v2\/pages"}],"about":[{"href":"https:\/\/eurocomp.info\/de\/wp-json\/wp\/v2\/types\/page"}],"author":[{"embeddable":true,"href":"https:\/\/eurocomp.info\/de\/wp-json\/wp\/v2\/users\/1"}],"replies":[{"embeddable":true,"href":"https:\/\/eurocomp.info\/de\/wp-json\/wp\/v2\/comments?post=61"}],"version-history":[{"count":76,"href":"https:\/\/eurocomp.info\/de\/wp-json\/wp\/v2\/pages\/61\/revisions"}],"predecessor-version":[{"id":802,"href":"https:\/\/eurocomp.info\/de\/wp-json\/wp\/v2\/pages\/61\/revisions\/802"}],"wp:attachment":[{"href":"https:\/\/eurocomp.info\/de\/wp-json\/wp\/v2\/media?parent=61"}],"curies":[{"name":"wp","href":"https:\/\/api.w.org\/{rel}","templated":true}]}}