{"id":3,"date":"2020-09-19T17:17:55","date_gmt":"2020-09-19T15:17:55","guid":{"rendered":"https:\/\/eurocomp.info\/wordpress\/?page_id=3"},"modified":"2025-09-22T18:09:59","modified_gmt":"2025-09-22T16:09:59","slug":"datenschutzerklaerung","status":"publish","type":"page","link":"https:\/\/eurocomp.info\/de\/datenschutzerklaerung\/","title":{"rendered":"Datenschutzerkl\u00e4rung"},"content":{"rendered":"\n<h2 class=\"wp-block-heading\">eurocomp.info<\/h2>\n\n\n\n<h3 class=\"wp-block-heading\">Verantwortlich f\u00fcr diese Website<\/h3>\n\n\n\n<blockquote class=\"wp-block-quote is-layout-flow wp-block-quote-is-layout-flow\">\n<p>Thomas Osthege<br>Sonnenkoppel 72<br>D-23701 Eutin<br>Deutschland<br>Fon: +49.(0)2292.9599730<br>Fax: +49.(0)2292.9599733<br>Email:\u00a0<a href=\"https:\/\/eurocomp.info\/de\/contact\/\">Bitte kontaktieren Sie mich \u00fcber die Kontaktseite!<\/a><br>Umsatzsteuer-ID: DE 135051894<\/p>\n<\/blockquote>\n\n\n\n<h2 class=\"wp-block-heading\">Welche personenbezogenen Daten ich wann und warum speichere<\/h2>\n\n\n\n<blockquote class=\"wp-block-quote is-layout-flow wp-block-quote-is-layout-flow\">\n<p>Personenbezogene Informationen werden nur gespeichert, wenn Sie die Kommentar- oder Ver\u00f6ffentlichung-Funktionen dieser Website nutzen und auch nur dann, wenn diese Funktionen aktiv sind. Zur Zeit k\u00f6nnen Sie auf dieser Website weder Kommentare schreiben noch Artikel ver\u00f6ffentlichen.<\/p>\n<\/blockquote>\n\n\n\n<h3 class=\"wp-block-heading\">Kommentare<\/h3>\n\n\n\n<p>Wenn Besucher Kommentare auf der Website schreiben, speichere ich die Daten, die im Kommentar-Formular angezeigt werden, au\u00dferdem die IP-Adresse des Besuchers und den User-Agent-String (damit wird der Browser identifiziert), um die Erkennung von Spam zu unterst\u00fctzen.<\/p>\n\n\n\n<p>Aus Ihrer Email-Adresse kann eine anonymisierte Zeichenfolge erstellt (auch Hash genannt) und dem Gravatar-Dienst \u00fcbergeben werden, um zu pr\u00fcfen, ob Sie diesen benutzen. Die Datenschutzerkl\u00e4rung des Gravatar-Dienstes finden Sie <a rel=\"noreferrer noopener\" href=\"https:\/\/automattic.com\/privacy\/\" target=\"_blank\">hier<\/a>. Nachdem Ihr Kommentar freigegeben wurde, ist Ihr Profilbild \u00f6ffentlich im Kontext Ihres Kommentars sichtbar.<\/p>\n\n\n\n<h3 class=\"wp-block-heading\">Medien<\/h3>\n\n\n\n<p>Wenn Sie ein registrierter Benutzer sind und Fotos auf diese Website laden, sollten Sie vermeiden, Fotos mit einem EXIF-GPS-Standort hochzuladen. Besucher dieser Website k\u00f6nnten Fotos, die auf dieser Website gespeichert sind, herunterladen und deren Standort-Informationen extrahieren.<\/p>\n\n\n\n<h3 class=\"wp-block-heading\">Cookies<\/h3>\n\n\n\n<p>Wenn Sie einen Kommentar auf dieser Website schreiben, kann das eine Einwilligung sein, Ihren Namen, E-Mail-Adresse und Website in Cookies auf Ihrem Computer zu speichern. Dies ist eine Komfortfunktion, damit Sie nicht, wenn Sie einen weiteren Kommentar schreiben, all diese Daten erneut eingeben m\u00fcssen. Diese Cookies werden ein Jahr lang gespeichert.<\/p>\n\n\n\n<p>Falls Sie ein Konto haben und sich auf dieser Website anmelden, werde ich ein tempor\u00e4res Cookie setzen, um festzustellen, ob Ihr Browser Cookies akzeptiert. Dieses Cookie enth\u00e4lt keine personenbezogenen Daten und wird verworfen, wenn Sie Ihren Browser schlie\u00dfen.<\/p>\n\n\n\n<p>Wenn Sie sich anmelden, werde ich einige Cookies einrichten, um Ihre Anmeldeinformationen und Anzeigeoptionen im Browser-Speicher Ihres Computers zu speichern. Anmelde-Cookies verfallen nach zwei Tagen und Cookies f\u00fcr die Anzeigeoptionen nach einem Jahr. Falls Sie bei der Anmeldung \u201eAngemeldet bleiben\u201c ausw\u00e4hlen, wird Ihre Anmeldung zwei Wochen lang aufrechterhalten. Mit der Abmeldung aus Ihrem Konto werden die Anmelde-Cookies gel\u00f6scht.<\/p>\n\n\n\n<p>Wenn Sie einen Artikel bearbeiten oder ver\u00f6ffentlichen, wird ein zus\u00e4tzlicher Cookie in Ihrem Browser gespeichert. Dieser Cookie enth\u00e4lt keine personenbezogenen Daten und verweist nur auf die Beitrags-ID des Artikels, den Sie gerade bearbeitet haben. Der Cookie verf\u00e4llt nach einem Tag.<\/p>\n\n\n\n<h3 class=\"wp-block-heading\">Eingebettete Inhalte von anderen Websites<\/h3>\n\n\n\n<p>Beitr\u00e4ge auf dieser Website k\u00f6nnen eingebettete Inhalte beinhalten (z.&nbsp;B. Videos, Bilder, Beitr\u00e4ge etc.). Eingebettete Inhalte von anderen Websites verhalten sich exakt so, als ob der Besucher die andere Website besucht h\u00e4tte.<\/p>\n\n\n\n<p>Diese Websites k\u00f6nnen Daten \u00fcber Sie sammeln, Cookies benutzen, zus\u00e4tzliche Tracking-Dienste von Dritten einbetten und Ihre Interaktion mit diesem eingebetteten Inhalt aufzeichnen, inklusive Ihrer Interaktion mit dem eingebetteten Inhalt, falls Sie ein Konto haben und auf dieser Website angemeldet sind. Ich habe darauf keinen Einfluss.<\/p>\n\n\n\n<h2 class=\"wp-block-heading\">Mit wem ich Ihre Daten teile<\/h2>\n\n\n\n<p><strong>Kurz und einfach: Mit niemandem.<\/strong><\/p>\n\n\n\n<h2 class=\"wp-block-heading\">Wie lange ich Ihre Daten speichere<\/h2>\n\n\n\n<p>Wenn Sie einen Kommentar schreiben, wird dieser inklusive Metadaten zeitlich unbegrenzt gespeichert. Auf diese Art kann ich Folgekommentare automatisch erkennen und freigeben, anstelle sie in einer Moderations-Warteschlange festzuhalten.<\/p>\n\n\n\n<p>F\u00fcr Benutzer, die sich auf dieser Website registrieren, speichere ich zus\u00e4tzlich die pers\u00f6nlichen Informationen, die sie in ihren Benutzerprofilen angeben. Alle Benutzer k\u00f6nnen jederzeit ihre pers\u00f6nlichen Informationen einsehen, ver\u00e4ndern oder l\u00f6schen (der Benutzername kann nicht ver\u00e4ndert werden). Administratoren der Website k\u00f6nnen diese Informationen ebenfalls einsehen und ver\u00e4ndern.<\/p>\n\n\n\n<h2 class=\"wp-block-heading\">Welche Rechte Sie an Ihren Daten haben<\/h2>\n\n\n\n<p>Wenn Sie ein Konto auf dieser Website besitzen oder Kommentare geschrieben haben, k\u00f6nnen Sie einen Export Ihrer personenbezogenen Daten bei mir anfordern, inklusive aller Daten, die Sie mir mitgeteilt haben. Dar\u00fcber hinaus k\u00f6nnen Sie die L\u00f6schung aller personenbezogenen Daten, die ich von Ihnen gespeichert habe, anfordern. Dies umfasst nicht die Daten, die ich auf Grund administrativer, rechtlicher oder sicherheitsrelevanter Notwendigkeiten aufbewahren muss.<\/p>\n\n\n\n<h2 class=\"wp-block-heading\">Wohin ich Ihre Daten sende<\/h2>\n\n\n\n<p>Besucher-Kommentare k\u00f6nnten von einem automatisierten Dienst zur Spam-Erkennung untersucht werden.<\/p>\n","protected":false},"excerpt":{"rendered":"<p>eurocomp.info Verantwortlich f\u00fcr diese Website Thomas OsthegeSonnenkoppel 72D-23701 EutinDeutschlandFon: +49.(0)2292.9599730Fax: +49.(0)2292.9599733Email:\u00a0Bitte kontaktieren Sie mich \u00fcber die Kontaktseite!Umsatzsteuer-ID: DE 135051894 Welche personenbezogenen Daten ich wann und warum speichere Personenbezogene Informationen werden nur gespeichert, wenn Sie die Kommentar- oder Ver\u00f6ffentlichung-Funktionen dieser Website nutzen und auch nur dann, wenn diese Funktionen aktiv sind. Zur Zeit k\u00f6nnen Sie auf [&hellip;]<\/p>\n","protected":false},"author":1,"featured_media":0,"parent":0,"menu_order":0,"comment_status":"closed","ping_status":"open","template":"","meta":{"footnotes":""},"class_list":["post-3","page","type-page","status-publish","hentry"],"translation":{"provider":"WPGlobus","version":"3.0.0","language":"de","enabled_languages":["en","de"],"languages":{"en":{"title":true,"content":true,"excerpt":false},"de":{"title":true,"content":true,"excerpt":false}}},"_links":{"self":[{"href":"https:\/\/eurocomp.info\/de\/wp-json\/wp\/v2\/pages\/3","targetHints":{"allow":["GET"]}}],"collection":[{"href":"https:\/\/eurocomp.info\/de\/wp-json\/wp\/v2\/pages"}],"about":[{"href":"https:\/\/eurocomp.info\/de\/wp-json\/wp\/v2\/types\/page"}],"author":[{"embeddable":true,"href":"https:\/\/eurocomp.info\/de\/wp-json\/wp\/v2\/users\/1"}],"replies":[{"embeddable":true,"href":"https:\/\/eurocomp.info\/de\/wp-json\/wp\/v2\/comments?post=3"}],"version-history":[{"count":59,"href":"https:\/\/eurocomp.info\/de\/wp-json\/wp\/v2\/pages\/3\/revisions"}],"predecessor-version":[{"id":796,"href":"https:\/\/eurocomp.info\/de\/wp-json\/wp\/v2\/pages\/3\/revisions\/796"}],"wp:attachment":[{"href":"https:\/\/eurocomp.info\/de\/wp-json\/wp\/v2\/media?parent=3"}],"curies":[{"name":"wp","href":"https:\/\/api.w.org\/{rel}","templated":true}]}}