{"id":2,"date":"2020-09-19T17:17:55","date_gmt":"2020-09-19T15:17:55","guid":{"rendered":"https:\/\/eurocomp.info\/wordpress\/?page_id=2"},"modified":"2023-01-08T13:25:45","modified_gmt":"2023-01-08T12:25:45","slug":"start","status":"publish","type":"page","link":"https:\/\/eurocomp.info\/de\/","title":{"rendered":"eurocomp"},"content":{"rendered":"\n<h2 class=\"wp-block-heading\">Produkte f\u00fcr Sie!<\/h2>\n\n\n\n<p>Mein Portfolio ist klein aber fein.<\/p>\n\n\n\n<p>Sie finden hier <a href=\"https:\/\/touch.tomsidee.de\/de\" target=\"_blank\" rel=\"noreferrer noopener\">Touch<\/a>, die ultimative App zum \u00c4ndern von Datum und Uhrzeit an Dateien und Ordnern.<\/p>\n\n\n\n<p>Und, ganz neu, gibt es jetzt  <a href=\"https:\/\/soundbox.tomsidee.de\/de\/\" target=\"_blank\" rel=\"noreferrer noopener\">Toms SoundBox<\/a> in verschiedenen Versionen.<\/p>\n\n\n\n<p>Und wenn sie einmal Hilfe bei einem konkreten Problem in der Datenverarbeitung brauchen, gehen Sie doch einmal zu meiner <a rel=\"noreferrer noopener\" href=\"https:\/\/thomas.osthege.de\" target=\"_blank\">privaten Website<\/a>.<\/p>\n\n\n\n<blockquote class=\"wp-block-quote is-style-default is-layout-flow wp-block-quote-is-layout-flow\">\n<p><strong>Information zu dieser Website<\/strong><\/p>\n\n\n\n<p>Teile dieser Website existieren nur noch aus historischen Gr\u00fcnden, weil es in diesen Teilen keine Gesch\u00e4ftst\u00e4tigkeit mehr gibt. Diese Teile sind im Men\u00fc als \u201ehistorisch\u201d gekennzeichnet. Bei Fragen oder Problemen senden Sie mir bitte \u00fcber die <a href=\"\/de\/contact\/\">Kontaktseite<\/a> eine Nachricht!<\/p>\n<\/blockquote>\n\n\n\n<p>Copyright \u00a9 \u00b7 Alle Rechte vorbehalten&nbsp;\u00b7 eurocomp&nbsp;\u00b7 Thomas Osthege<\/p>\n","protected":false},"excerpt":{"rendered":"<p>Produkte f\u00fcr Sie! Mein Portfolio ist klein aber fein. Sie finden hier Touch, die ultimative App zum \u00c4ndern von Datum und Uhrzeit an Dateien und Ordnern. Und, ganz neu, gibt es jetzt Toms SoundBox in verschiedenen Versionen. Und wenn sie einmal Hilfe bei einem konkreten Problem in der Datenverarbeitung brauchen, gehen Sie doch einmal zu [&hellip;]<\/p>\n","protected":false},"author":1,"featured_media":0,"parent":0,"menu_order":0,"comment_status":"closed","ping_status":"closed","template":"","meta":{"footnotes":""},"class_list":["post-2","page","type-page","status-publish","hentry"],"translation":{"provider":"WPGlobus","version":"3.0.0","language":"de","enabled_languages":["en","de"],"languages":{"en":{"title":true,"content":true,"excerpt":false},"de":{"title":true,"content":true,"excerpt":false}}},"_links":{"self":[{"href":"https:\/\/eurocomp.info\/de\/wp-json\/wp\/v2\/pages\/2","targetHints":{"allow":["GET"]}}],"collection":[{"href":"https:\/\/eurocomp.info\/de\/wp-json\/wp\/v2\/pages"}],"about":[{"href":"https:\/\/eurocomp.info\/de\/wp-json\/wp\/v2\/types\/page"}],"author":[{"embeddable":true,"href":"https:\/\/eurocomp.info\/de\/wp-json\/wp\/v2\/users\/1"}],"replies":[{"embeddable":true,"href":"https:\/\/eurocomp.info\/de\/wp-json\/wp\/v2\/comments?post=2"}],"version-history":[{"count":103,"href":"https:\/\/eurocomp.info\/de\/wp-json\/wp\/v2\/pages\/2\/revisions"}],"predecessor-version":[{"id":783,"href":"https:\/\/eurocomp.info\/de\/wp-json\/wp\/v2\/pages\/2\/revisions\/783"}],"wp:attachment":[{"href":"https:\/\/eurocomp.info\/de\/wp-json\/wp\/v2\/media?parent=2"}],"curies":[{"name":"wp","href":"https:\/\/api.w.org\/{rel}","templated":true}]}}